{"id":48,"date":"2023-02-04T21:49:18","date_gmt":"2023-02-04T20:49:18","guid":{"rendered":"https:\/\/olgaundadrian.de\/home\/"},"modified":"2023-02-06T19:41:37","modified_gmt":"2023-02-06T18:41:37","slug":"home","status":"publish","type":"page","link":"https:\/\/olgaundadrian.de\/pl\/","title":{"rendered":"Home"},"content":{"rendered":"\n<h2 class=\"wp-block-heading\">Olga &amp; Adrian<\/h2>\n\n<figure class=\"wp-block-image alignwide size-large\"><img loading=\"lazy\" decoding=\"async\" width=\"1024\" height=\"747\" src=\"https:\/\/olgaundadrian.de\/wp-content\/uploads\/2023\/02\/IMG_8891_-1024x747.jpg\" alt=\"\" class=\"wp-image-13\" srcset=\"https:\/\/olgaundadrian.de\/wp-content\/uploads\/2023\/02\/IMG_8891_-1024x747.jpg 1024w, https:\/\/olgaundadrian.de\/wp-content\/uploads\/2023\/02\/IMG_8891_-300x219.jpg 300w, https:\/\/olgaundadrian.de\/wp-content\/uploads\/2023\/02\/IMG_8891_-768x560.jpg 768w, https:\/\/olgaundadrian.de\/wp-content\/uploads\/2023\/02\/IMG_8891_-1536x1120.jpg 1536w, https:\/\/olgaundadrian.de\/wp-content\/uploads\/2023\/02\/IMG_8891_-2048x1493.jpg 2048w\" sizes=\"auto, (max-width: 1024px) 100vw, 1024px\" \/><\/figure>\n<p><strong>Kiedy odbywa sie przyjecie weselne<\/strong><br\/>06.05.2023<\/p>\n\n<p><strong>Gdzie odbedzie sie przyjecie weselne<\/strong><br\/>Hotel Alpin<br\/>ul. Beskidzka 40<br\/>43-370 Szczyrk (Polen)<br\/><a href=\"https:\/\/www.google.de\/maps\/place\/Hotel+Alpin+z+sal%C4%85+weseln%C4%85\/@49.716839,19.0260509,17z\/data=!3m1!4b1!4m8!3m7!1s0x471421af2f09a0b5:0x9b4f37004d9369af!5m2!4m1!1i2!8m2!3d49.716839!4d19.0282449\">Hotel Alpin w Google Maps<\/a><\/p>\n\n<p><strong>Telefon<\/strong><br\/>+49 151 21222846 (Adrian)<br\/>\u202d+49 172 6400964\u202c (Olga)<\/p>\n\n<p>Zapraszamy na Nocleg w hotelu i \u015bniadanie nastepnego dnia rano  <br\/>Pokoje do dyspozycji od 14.00<br\/>Pokoje opu\u015bci\u0107 do 10.00<br\/>\u015aniadanie 07.05.23 od 7.30 &#8211; 10.00<\/p>\n","protected":false},"excerpt":{"rendered":"<p>Olga &amp; Adrian Kiedy odbywa sie przyjecie weselne06.05.2023 Gdzie odbedzie sie przyjecie weselneHotel Alpinul. Beskidzka 4043-370 Szczyrk (Polen)Hotel Alpin w Google Maps Telefon+49 151 21222846 (Adrian)\u202d+49 172 6400964\u202c (Olga) Zapraszamy na Nocleg w hotelu i \u015bniadanie nastepnego dnia rano Pokoje do dyspozycji od 14.00Pokoje opu\u015bci\u0107 do 10.00\u015aniadanie 07.05.23 od 7.30 &#8211; 10.00<\/p>\n","protected":false},"author":1,"featured_media":0,"parent":0,"menu_order":0,"comment_status":"closed","ping_status":"closed","template":"","meta":{"footnotes":""},"class_list":["post-48","page","type-page","status-publish","hentry"],"_links":{"self":[{"href":"https:\/\/olgaundadrian.de\/pl\/wp-json\/wp\/v2\/pages\/48","targetHints":{"allow":["GET"]}}],"collection":[{"href":"https:\/\/olgaundadrian.de\/pl\/wp-json\/wp\/v2\/pages"}],"about":[{"href":"https:\/\/olgaundadrian.de\/pl\/wp-json\/wp\/v2\/types\/page"}],"author":[{"embeddable":true,"href":"https:\/\/olgaundadrian.de\/pl\/wp-json\/wp\/v2\/users\/1"}],"replies":[{"embeddable":true,"href":"https:\/\/olgaundadrian.de\/pl\/wp-json\/wp\/v2\/comments?post=48"}],"version-history":[{"count":9,"href":"https:\/\/olgaundadrian.de\/pl\/wp-json\/wp\/v2\/pages\/48\/revisions"}],"predecessor-version":[{"id":59,"href":"https:\/\/olgaundadrian.de\/pl\/wp-json\/wp\/v2\/pages\/48\/revisions\/59"}],"wp:attachment":[{"href":"https:\/\/olgaundadrian.de\/pl\/wp-json\/wp\/v2\/media?parent=48"}],"curies":[{"name":"wp","href":"https:\/\/api.w.org\/{rel}","templated":true}]}}